{"id":3636,"date":"2022-08-23T13:33:20","date_gmt":"2022-08-23T11:33:20","guid":{"rendered":"https:\/\/biblioteka-milicz.pl\/?page_id=3636"},"modified":"2022-08-23T13:39:34","modified_gmt":"2022-08-23T11:39:34","slug":"wypozyczalnia-dla-doroslych","status":"publish","type":"page","link":"https:\/\/biblioteka-milicz.pl\/index.php\/wypozyczalnia-dla-doroslych\/","title":{"rendered":"Wypo\u017cyczalnia dla Doros\u0142ych"},"content":{"rendered":"\n<p><strong>Wypo\u017cyczalnia dla Doros\u0142ych<\/strong><br>ul. Pi\u0142sudskiego 14<br>56-300 Milicz<\/p>\n\n\n\n<p><br><strong>Kontakt:<\/strong><br>numer telefonu: 71-38-40-096 wew. 22<br>adres e-mail:\u00a0<a href=\"mailto:wypozyczalnia@biblioteka-milicz.pl\">wypozyczalnia@biblioteka-milicz.pl<\/a>,\u00a0<a href=\"mailto:kontakt@biblioteka-milicz.pl\">kontakt@biblioteka-milicz.pl<\/a><\/p>\n\n\n\n<p><strong>Godziny otwarcia<\/strong>:<br>poniedzia\u0142ek: 10:00 \u2013 18:00<br>wtorek: 10:00 \u2013 18:00<br>\u015broda: 10:00 \u2013 15:00<br>czwartek: 10:00 \u2013 18:00<br>pi\u0105tek: 10:00 \u2013 18:00<br>sobota:\u00a09:00 \u2013 14:00<\/p>\n","protected":false},"excerpt":{"rendered":"<p>Wypo\u017cyczalnia dla Doros\u0142ychul. Pi\u0142sudskiego 1456-300 Milicz Kontakt:numer telefonu: 71-38-40-096 wew. 22adres e-mail:\u00a0wypozyczalnia@biblioteka-milicz.pl,\u00a0kontakt@biblioteka-milicz.pl Godziny otwarcia:poniedzia\u0142ek: 10:00 \u2013 18:00wtorek: 10:00 \u2013 18:00\u015broda: 10:00 \u2013 15:00czwartek: 10:00 \u2013 18:00pi\u0105tek: 10:00 \u2013 18:00sobota:\u00a09:00 \u2013 14:00<\/p>\n","protected":false},"author":2,"featured_media":0,"parent":0,"menu_order":0,"comment_status":"closed","ping_status":"closed","template":"","meta":{"_uag_custom_page_level_css":"","footnotes":""},"class_list":["post-3636","page","type-page","status-publish","hentry"],"uagb_featured_image_src":{"full":false,"thumbnail":false,"medium":false,"medium_large":false,"large":false,"1536x1536":false,"2048x2048":false,"thumb-small":false,"thumb-standard":false,"thumb-medium":false,"thumb-large":false,"thumb-xlarge":false,"thumb-xxlarge":false},"uagb_author_info":{"display_name":"Marlena Grodzi\u0144ska","author_link":"https:\/\/biblioteka-milicz.pl\/index.php\/author\/marlena\/"},"uagb_comment_info":0,"uagb_excerpt":"Wypo\u017cyczalnia dla Doros\u0142ychul. Pi\u0142sudskiego 1456-300 Milicz Kontakt:numer telefonu: 71-38-40-096 wew. 22adres e-mail:\u00a0wypozyczalnia@biblioteka-milicz.pl,\u00a0kontakt@biblioteka-milicz.pl Godziny otwarcia:poniedzia\u0142ek: 10:00 \u2013 18:00wtorek: 10:00 \u2013 18:00\u015broda: 10:00 \u2013 15:00czwartek: 10:00 \u2013 18:00pi\u0105tek: 10:00 \u2013 18:00sobota:\u00a09:00 \u2013 14:00","_links":{"self":[{"href":"https:\/\/biblioteka-milicz.pl\/index.php\/wp-json\/wp\/v2\/pages\/3636","targetHints":{"allow":["GET"]}}],"collection":[{"href":"https:\/\/biblioteka-milicz.pl\/index.php\/wp-json\/wp\/v2\/pages"}],"about":[{"href":"https:\/\/biblioteka-milicz.pl\/index.php\/wp-json\/wp\/v2\/types\/page"}],"author":[{"embeddable":true,"href":"https:\/\/biblioteka-milicz.pl\/index.php\/wp-json\/wp\/v2\/users\/2"}],"replies":[{"embeddable":true,"href":"https:\/\/biblioteka-milicz.pl\/index.php\/wp-json\/wp\/v2\/comments?post=3636"}],"version-history":[{"count":2,"href":"https:\/\/biblioteka-milicz.pl\/index.php\/wp-json\/wp\/v2\/pages\/3636\/revisions"}],"predecessor-version":[{"id":3640,"href":"https:\/\/biblioteka-milicz.pl\/index.php\/wp-json\/wp\/v2\/pages\/3636\/revisions\/3640"}],"wp:attachment":[{"href":"https:\/\/biblioteka-milicz.pl\/index.php\/wp-json\/wp\/v2\/media?parent=3636"}],"curies":[{"name":"wp","href":"https:\/\/api.w.org\/{rel}","templated":true}]}}