{"id":3362,"date":"2022-07-04T13:00:11","date_gmt":"2022-07-04T11:00:11","guid":{"rendered":"http:\/\/biblioteka-milicz.pl\/?page_id=3362"},"modified":"2022-08-23T11:48:16","modified_gmt":"2022-08-23T09:48:16","slug":"filia-sulow","status":"publish","type":"page","link":"https:\/\/biblioteka-milicz.pl\/index.php\/filia-sulow\/","title":{"rendered":"Filia Su\u0142\u00f3w"},"content":{"rendered":"\n<p><strong>Biblioteka Publiczna w Miliczu Filia w Su\u0142owie<\/strong><br>Su\u0142\u00f3w, ul. Rynek 12<br>56-300 Milicz<\/p>\n\n\n\n<p><strong>Kontakt:<\/strong><br>numer telefonu: 71-38-47-184<br>adres e-mail: <a href=\"mailto:sulow@biblioteka-milicz.pl\" data-type=\"mailto\" data-id=\"mailto:sulow@biblioteka-milicz.pl\">sulow@biblioteka-milicz.pl<\/a><\/p>\n\n\n\n<p><br><strong>Godziny otwarcia:<\/strong><br>poniedzia\u0142ek: 10:00 \u2013 17:00<br>wtorek: 10:00 \u2013 17:00<br>\u015broda: 10:00 \u2013 15:00<br>czwartek: 10:00 \u2013 17:00<br>pi\u0105tek: 10:00 \u2013 17:00<\/p>\n","protected":false},"excerpt":{"rendered":"<p>Biblioteka Publiczna w Miliczu Filia w Su\u0142owieSu\u0142\u00f3w, ul. Rynek 1256-300 Milicz Kontakt:numer telefonu: 71-38-47-184adres e-mail: sulow@biblioteka-milicz.pl Godziny otwarcia:poniedzia\u0142ek: 10:00 \u2013 17:00wtorek: 10:00 \u2013 17:00\u015broda: 10:00 \u2013 15:00czwartek: 10:00 \u2013 17:00pi\u0105tek: 10:00 \u2013 17:00<\/p>\n","protected":false},"author":1,"featured_media":0,"parent":0,"menu_order":0,"comment_status":"closed","ping_status":"closed","template":"","meta":{"_uag_custom_page_level_css":"","footnotes":""},"class_list":["post-3362","page","type-page","status-publish","hentry"],"uagb_featured_image_src":{"full":false,"thumbnail":false,"medium":false,"medium_large":false,"large":false,"1536x1536":false,"2048x2048":false,"thumb-small":false,"thumb-standard":false,"thumb-medium":false,"thumb-large":false,"thumb-xlarge":false,"thumb-xxlarge":false},"uagb_author_info":{"display_name":"admin","author_link":"https:\/\/biblioteka-milicz.pl\/index.php\/author\/admin\/"},"uagb_comment_info":0,"uagb_excerpt":"Biblioteka Publiczna w Miliczu Filia w Su\u0142owieSu\u0142\u00f3w, ul. Rynek 1256-300 Milicz Kontakt:numer telefonu: 71-38-47-184adres e-mail: sulow@biblioteka-milicz.pl Godziny otwarcia:poniedzia\u0142ek: 10:00 \u2013 17:00wtorek: 10:00 \u2013 17:00\u015broda: 10:00 \u2013 15:00czwartek: 10:00 \u2013 17:00pi\u0105tek: 10:00 \u2013 17:00","_links":{"self":[{"href":"https:\/\/biblioteka-milicz.pl\/index.php\/wp-json\/wp\/v2\/pages\/3362","targetHints":{"allow":["GET"]}}],"collection":[{"href":"https:\/\/biblioteka-milicz.pl\/index.php\/wp-json\/wp\/v2\/pages"}],"about":[{"href":"https:\/\/biblioteka-milicz.pl\/index.php\/wp-json\/wp\/v2\/types\/page"}],"author":[{"embeddable":true,"href":"https:\/\/biblioteka-milicz.pl\/index.php\/wp-json\/wp\/v2\/users\/1"}],"replies":[{"embeddable":true,"href":"https:\/\/biblioteka-milicz.pl\/index.php\/wp-json\/wp\/v2\/comments?post=3362"}],"version-history":[{"count":2,"href":"https:\/\/biblioteka-milicz.pl\/index.php\/wp-json\/wp\/v2\/pages\/3362\/revisions"}],"predecessor-version":[{"id":3607,"href":"https:\/\/biblioteka-milicz.pl\/index.php\/wp-json\/wp\/v2\/pages\/3362\/revisions\/3607"}],"wp:attachment":[{"href":"https:\/\/biblioteka-milicz.pl\/index.php\/wp-json\/wp\/v2\/media?parent=3362"}],"curies":[{"name":"wp","href":"https:\/\/api.w.org\/{rel}","templated":true}]}}