{"id":2845,"date":"2022-03-14T20:26:30","date_gmt":"2022-03-14T19:26:30","guid":{"rendered":"http:\/\/biblioteka-milicz.pl\/?page_id=2845"},"modified":"2022-08-23T12:21:04","modified_gmt":"2022-08-23T10:21:04","slug":"godziny-otwarcia","status":"publish","type":"page","link":"http:\/\/biblioteka-milicz.pl\/index.php\/godziny-otwarcia\/","title":{"rendered":"Godziny otwarcia"},"content":{"rendered":"\n<p><strong>Godziny otwarcia<\/strong><\/p>\n\n\n\n<p><strong>Wypo\u017cyczalnia dla Doros\u0142ych<\/strong>:<br>poniedzia\u0142ek: 10:00 \u2013 18:00<br>wtorek: 10:00 \u2013 18:00<br>\u015broda: 10:00 \u2013 15:00<br>czwartek: 10:00 \u2013 18:00<br>pi\u0105tek: 10:00 \u2013 18:00<br>sobota:\u00a09:00 &#8211; 14:00<\/p>\n\n\n\n<p><strong>Oddzia\u0142 Dzieci\u0119cy:<\/strong><br>poniedzia\u0142ek: 9:00 \u2013 16:00<br>wtorek: 11:00 \u2013 18:00<br>\u015broda: 10:00 \u2013 15:00<br>czwartek: 11:00 \u2013 18:00<br>pi\u0105tek: 9:00 \u2013 16:00<br>sobota:\u00a0nieczynne<\/p>\n\n\n\n<p><\/p>\n","protected":false},"excerpt":{"rendered":"<p>Godziny otwarcia Wypo\u017cyczalnia dla Doros\u0142ych:poniedzia\u0142ek: 10:00 \u2013 18:00wtorek: 10:00 \u2013 18:00\u015broda: 10:00 \u2013 15:00czwartek: 10:00 \u2013 18:00pi\u0105tek: 10:00 \u2013 18:00sobota:\u00a09:00 &#8211; 14:00 Oddzia\u0142 Dzieci\u0119cy:poniedzia\u0142ek: 9:00 \u2013 16:00wtorek: 11:00 \u2013 18:00\u015broda: 10:00 \u2013 15:00czwartek: 11:00&#46;&#46;&#46;<\/p>\n","protected":false},"author":1,"featured_media":0,"parent":0,"menu_order":0,"comment_status":"closed","ping_status":"closed","template":"","meta":{"_uag_custom_page_level_css":"","footnotes":""},"class_list":["post-2845","page","type-page","status-publish","hentry"],"uagb_featured_image_src":{"full":false,"thumbnail":false,"medium":false,"medium_large":false,"large":false,"1536x1536":false,"2048x2048":false,"thumb-small":false,"thumb-standard":false,"thumb-medium":false,"thumb-large":false,"thumb-xlarge":false,"thumb-xxlarge":false},"uagb_author_info":{"display_name":"admin","author_link":"http:\/\/biblioteka-milicz.pl\/index.php\/author\/admin\/"},"uagb_comment_info":0,"uagb_excerpt":"Godziny otwarcia Wypo\u017cyczalnia dla Doros\u0142ych:poniedzia\u0142ek: 10:00 \u2013 18:00wtorek: 10:00 \u2013 18:00\u015broda: 10:00 \u2013 15:00czwartek: 10:00 \u2013 18:00pi\u0105tek: 10:00 \u2013 18:00sobota:\u00a09:00 &#8211; 14:00 Oddzia\u0142 Dzieci\u0119cy:poniedzia\u0142ek: 9:00 \u2013 16:00wtorek: 11:00 \u2013 18:00\u015broda: 10:00 \u2013 15:00czwartek: 11:00&#46;&#46;&#46;","_links":{"self":[{"href":"http:\/\/biblioteka-milicz.pl\/index.php\/wp-json\/wp\/v2\/pages\/2845","targetHints":{"allow":["GET"]}}],"collection":[{"href":"http:\/\/biblioteka-milicz.pl\/index.php\/wp-json\/wp\/v2\/pages"}],"about":[{"href":"http:\/\/biblioteka-milicz.pl\/index.php\/wp-json\/wp\/v2\/types\/page"}],"author":[{"embeddable":true,"href":"http:\/\/biblioteka-milicz.pl\/index.php\/wp-json\/wp\/v2\/users\/1"}],"replies":[{"embeddable":true,"href":"http:\/\/biblioteka-milicz.pl\/index.php\/wp-json\/wp\/v2\/comments?post=2845"}],"version-history":[{"count":3,"href":"http:\/\/biblioteka-milicz.pl\/index.php\/wp-json\/wp\/v2\/pages\/2845\/revisions"}],"predecessor-version":[{"id":3621,"href":"http:\/\/biblioteka-milicz.pl\/index.php\/wp-json\/wp\/v2\/pages\/2845\/revisions\/3621"}],"wp:attachment":[{"href":"http:\/\/biblioteka-milicz.pl\/index.php\/wp-json\/wp\/v2\/media?parent=2845"}],"curies":[{"name":"wp","href":"https:\/\/api.w.org\/{rel}","templated":true}]}}