{"id":2829,"date":"2022-03-14T20:13:38","date_gmt":"2022-03-14T19:13:38","guid":{"rendered":"http:\/\/biblioteka-milicz.pl\/?page_id=2829"},"modified":"2022-03-14T20:23:22","modified_gmt":"2022-03-14T19:23:22","slug":"ochrona-danych-osobowych","status":"publish","type":"page","link":"http:\/\/biblioteka-milicz.pl\/index.php\/ochrona-danych-osobowych\/","title":{"rendered":"Ochrona danych osobowych"},"content":{"rendered":"\n<p>Administratorem danych osobowych (ADO) jest Biblioteka Publiczna w Miliczu ul. Pi\u0142sudskiego 14, 56-300 Milicz. Dane osobowe s\u0105 przetwarzane przez ADO zgodnie z Rozporz\u0105dzeniem Parlamentu Europejskiego i Rady (UE) 2016\/679 z dnia 27 kwietnia 2016 r. w sprawie ochrony os\u00f3b fizycznych w zwi\u0105zku z przetwarzaniem danych osobowych i w sprawie swobodnego przep\u0142ywu takich danych oraz uchylenia dyrektywy 95\/46\/WE (og\u00f3lne rozporz\u0105dzenie o ochronie danych).<\/p>\n\n\n\n<p>W zale\u017cno\u015bci od potrzeb ADO przetwarza dane osobowe w nast\u0119puj\u0105cych celach:<\/p>\n\n\n\n<ul class=\"wp-block-list\"><li>Wypo\u017cyczenie zbior\u00f3w bibliotecznych (os\u00f3b pe\u0142noletnich) &#8211;<a href=\"http:\/\/biblioteka-milicz.pl\/wp-content\/uploads\/2022\/03\/KLAUZULA_INFORMACYJNA__WYPOYCZANIE_ZBIORW_BIBLIOTECZNYCH_OSOBY_PENOLETNIE_.pdf\">klauzula informacyjna<\/a><\/li><li>Wypo\u017cyczenie zbior\u00f3w bibliotecznych (dzieci\/ma\u0142oletni podopieczni) &#8211; <a href=\"http:\/\/biblioteka-milicz.pl\/wp-content\/uploads\/2022\/03\/KLAUZULA_INFORMACYJNA__WYPOYCZANIE_ZBIORW_BIBLIOTECZNYCH_DZIECIMAOLETNI_PODOPIECZNI.pdf\">klauzula informacyjna<\/a><\/li><li>Bie\u017c\u0105ca wsp\u00f3\u0142praca z pracownikami (komunikacja kontrahent\u00f3w) &#8211; <a rel=\"noreferrer noopener\" href=\"http:\/\/biblioteka-milicz.pl\/wp-content\/uploads\/2022\/03\/KLAUZULA_INFORMACYJNA__BIECA_WSPPRACA_Z_PRACOWNIKAMI_KOMUNIKACJA_KONTRAHENTW_.pdf\" target=\"_blank\">klauzula informacyjna<\/a><\/li><li>Prowadzenie profilu ADO (Fanpage, Facebook) w celu informowania o aktywno\u015bci, promowania wydarze\u0144, produkt\u00f3w i us\u0142ug, a tak\u017ce w celu komunikacji za po\u015brednictwem dost\u0119pnych funkcjonalno\u015bci (komentarze, czat, wiadomo\u015bci) &#8211; statystyka &#8211; <a rel=\"noreferrer noopener\" href=\"http:\/\/biblioteka-milicz.pl\/wp-content\/uploads\/2022\/03\/KLAUZULA_INFORMACYJNA__PROWADZENIE_PROFILU_ADO_.pdf\" target=\"_blank\">klauzula informacyjna<\/a><\/li><li>Wyb\u00f3r kandydata w procesie rekrutacji do zatrudnienia &#8211; umowa o prac\u0119 &#8211; <a rel=\"noreferrer noopener\" href=\"http:\/\/biblioteka-milicz.pl\/wp-content\/uploads\/2022\/03\/ZGODY_I_KLAUZULE_INFORMACYJNE_-_WYBR_KANDYDATW.pdf\" target=\"_blank\">klauzula informacyjna<\/a><\/li><li>Wyb\u00f3r kandydat\u00f3w do zawarcia um\u00f3w cywilnoprawnych &#8211; <a rel=\"noreferrer noopener\" href=\"http:\/\/biblioteka-milicz.pl\/wp-content\/uploads\/2022\/03\/ZGODY_I_KLAZULE_INFORMACYJNE.pdf\" target=\"_blank\">klauzula informacyjna<\/a><\/li><li>Wyb\u00f3r dostawc\u00f3w towar\u00f3w i us\u0142ug &#8211; <a rel=\"noreferrer noopener\" href=\"http:\/\/biblioteka-milicz.pl\/wp-content\/uploads\/2022\/03\/KLAZULA_INFORMACYJNA__WYBOR_DOSTAWCOW.pdf\" target=\"_blank\">klauzula informacyjna<\/a><\/li><li>Wykonywanie zawartych um\u00f3w z dostawcami towar\u00f3w\/us\u0142ug &#8211; <a rel=\"noreferrer noopener\" href=\"http:\/\/biblioteka-milicz.pl\/wp-content\/uploads\/2022\/03\/KLAUZULA_INFORMACYJNA__WYKONYWANIE_ZAWARTYCH_UMOW_.pdf\" target=\"_blank\">klauzula informacyjna\u00a0<\/a><\/li><\/ul>\n","protected":false},"excerpt":{"rendered":"<p>Administratorem danych osobowych (ADO) jest Biblioteka Publiczna w Miliczu ul. Pi\u0142sudskiego 14, 56-300 Milicz. Dane osobowe s\u0105 przetwarzane przez ADO zgodnie z Rozporz\u0105dzeniem Parlamentu Europejskiego i Rady (UE) 2016\/679 z dnia 27 kwietnia 2016&#46;&#46;&#46;<\/p>\n","protected":false},"author":1,"featured_media":0,"parent":0,"menu_order":0,"comment_status":"closed","ping_status":"closed","template":"","meta":{"_uag_custom_page_level_css":"","footnotes":""},"class_list":["post-2829","page","type-page","status-publish","hentry"],"uagb_featured_image_src":{"full":false,"thumbnail":false,"medium":false,"medium_large":false,"large":false,"1536x1536":false,"2048x2048":false,"thumb-small":false,"thumb-standard":false,"thumb-medium":false,"thumb-large":false,"thumb-xlarge":false,"thumb-xxlarge":false},"uagb_author_info":{"display_name":"admin","author_link":"http:\/\/biblioteka-milicz.pl\/index.php\/author\/admin\/"},"uagb_comment_info":0,"uagb_excerpt":"Administratorem danych osobowych (ADO) jest Biblioteka Publiczna w Miliczu ul. Pi\u0142sudskiego 14, 56-300 Milicz. Dane osobowe s\u0105 przetwarzane przez ADO zgodnie z Rozporz\u0105dzeniem Parlamentu Europejskiego i Rady (UE) 2016\/679 z dnia 27 kwietnia 2016&#46;&#46;&#46;","_links":{"self":[{"href":"http:\/\/biblioteka-milicz.pl\/index.php\/wp-json\/wp\/v2\/pages\/2829","targetHints":{"allow":["GET"]}}],"collection":[{"href":"http:\/\/biblioteka-milicz.pl\/index.php\/wp-json\/wp\/v2\/pages"}],"about":[{"href":"http:\/\/biblioteka-milicz.pl\/index.php\/wp-json\/wp\/v2\/types\/page"}],"author":[{"embeddable":true,"href":"http:\/\/biblioteka-milicz.pl\/index.php\/wp-json\/wp\/v2\/users\/1"}],"replies":[{"embeddable":true,"href":"http:\/\/biblioteka-milicz.pl\/index.php\/wp-json\/wp\/v2\/comments?post=2829"}],"version-history":[{"count":3,"href":"http:\/\/biblioteka-milicz.pl\/index.php\/wp-json\/wp\/v2\/pages\/2829\/revisions"}],"predecessor-version":[{"id":2843,"href":"http:\/\/biblioteka-milicz.pl\/index.php\/wp-json\/wp\/v2\/pages\/2829\/revisions\/2843"}],"wp:attachment":[{"href":"http:\/\/biblioteka-milicz.pl\/index.php\/wp-json\/wp\/v2\/media?parent=2829"}],"curies":[{"name":"wp","href":"https:\/\/api.w.org\/{rel}","templated":true}]}}